{"id":907,"date":"2017-12-16T12:13:00","date_gmt":"2017-12-16T10:13:00","guid":{"rendered":"https:\/\/www.marjawickman.com\/mustaovi\/taustaa\/"},"modified":"2021-11-11T10:34:32","modified_gmt":"2021-11-11T07:34:32","slug":"taustaa","status":"publish","type":"page","link":"https:\/\/www.marjawickman.com\/mustaovi\/taustaa","title":{"rendered":"Tarinamme"},"content":{"rendered":"\n<figure class=\"wp-block-image size-large\"><img loading=\"lazy\" decoding=\"async\" width=\"1068\" height=\"1600\" src=\"https:\/\/www.marjawickman.com\/mustaovi\/wp-content\/uploads\/2020\/09\/DSC_064728229.jpg\" alt=\"\" class=\"wp-image-4395\" srcset=\"https:\/\/www.marjawickman.com\/mustaovi\/wp-content\/uploads\/2020\/09\/DSC_064728229.jpg 1068w, https:\/\/www.marjawickman.com\/mustaovi\/wp-content\/uploads\/2020\/09\/DSC_064728229-300x449.jpg 300w, https:\/\/www.marjawickman.com\/mustaovi\/wp-content\/uploads\/2020\/09\/DSC_064728229-1025x1536.jpg 1025w, https:\/\/www.marjawickman.com\/mustaovi\/wp-content\/uploads\/2020\/09\/DSC_064728229-800x1199.jpg 800w\" sizes=\"auto, (max-width: 1068px) 100vw, 1068px\" \/><\/figure>\n\n\n\n<p>L\u00e4mpim\u00e4sti tervetuloa blogiini, jossa inspiroidutaan skandinaavisesta minimalismista ja kerrotaan vinkkej\u00e4, kuinka voi toteuttaa laadukkaan n\u00e4k\u00f6isi\u00e4 juttuja pienell\u00e4kin budjetilla.<\/p>\n\n\n\n<p>Blogissa pyrin aina tarjoamaan jotain uutta: ideoita, inspiraatiota ja intoa kokeilla ja toteuttaa.<\/p>\n\n\n\n<p>Suunnittelufilosofiani on, ett\u00e4 v\u00e4hempikin riitt\u00e4\u00e4 ja kauniin ei tarvitse olla kallista. T\u00e4rkeint\u00e4 on, ett\u00e4 viihtyy.<\/p>\n\n\n\n<p>Blogi sai alkunsa vuonna 2013 haaveestamme asua loft-henkisess\u00e4 skandimodernissa talossa, jossa on ripaus tanskalaista s\u00e4rm\u00e4\u00e4. Alkuvuosina blogissa seurattiin kotimme valmistumista vaihe vaiheelta.<\/p>\n\n\n\n<p>Suhtaudun intohimoisesti hyv\u00e4\u00e4n muotoiluun. Kanavissani haluan olla l\u00e4mmin, l\u00e4sn\u00e4 ja l\u00e4hell\u00e4, sek\u00e4 antaa vertaistukea ja samaistumispintaa. Erityinen yhteys voi synty\u00e4 vain aidosta kohtaamisesta jaetun mielenkiinnon \u00e4\u00e4rell\u00e4.<\/p>\n\n\n\n<p><strong>The Blog Awards Finland on palkinnut Musta ovi -blogin kategoriansa parhaana vuosina 2016 ja 2017.<\/strong><\/p>\n\n\n\n<p>Musta ovi -blog is all about a house building, scandinavian design and a loft style. I&#8217;ll share things and thoughts I like and get inspired.<\/p>\n\n\n\n<p>Musta Ovi \u2013 Bloggen, som \u00e4r inspirerad av skandinavisk minimalism. I bloggen hittar du tips om hur du kan bygga med liten budget kvalitetsvaror. Desing filosofin har fr\u00e5n f\u00f6rsta b\u00f6rjan varit \u201denkelt \u00e4r vackert\u201d.<\/p>\n\n\n\n<p><em>Osa blogiteksteist\u00e4 on toteutettu <strong><a href=\"https:\/\/www.marjawickman.com\/mustaovi\/tag\/sisaltoyhteisyo\" target=\"_blank\" rel=\"noreferrer noopener\">kaupallisessa yhteisty\u00f6ss\u00e4<\/a><\/strong> eri yritysten kanssa. N\u00e4m\u00e4 kirjoitukset tunnistat maininnasta &#8221;Kaupallisessa yhteisty\u00f6ss\u00e4&#8221;, *merkityt tuotteet on saatu blogin kautta. Blogissa ei ole mainoslinkkej\u00e4. <\/em><\/p>\n\n\n\n<p><em>Kaikki blogissa esitetyt mielipiteet ovat omiani.<\/em><\/p>\n\n\n\n<h2 class=\"wp-block-heading\">Instagram:&nbsp;<a href=\"https:\/\/www.instagram.com\/marjawickman\/\" target=\"_blank\" rel=\"noreferrer noopener\">@marjawickman<\/a><\/h2>\n","protected":false},"excerpt":{"rendered":"<p>L\u00e4mpim\u00e4sti tervetuloa blogiini, jossa inspiroidutaan skandinaavisesta minimalismista ja kerrotaan vinkkej\u00e4, kuinka voi toteuttaa laadukkaan n\u00e4k\u00f6isi\u00e4 juttuja pienell\u00e4kin budjetilla. Blogissa pyrin aina tarjoamaan jotain uutta: ideoita, inspiraatiota ja intoa kokeilla ja toteuttaa. Suunnittelufilosofiani on, ett\u00e4 v\u00e4hempikin&hellip;<\/p>\n","protected":false},"author":1,"featured_media":0,"parent":0,"menu_order":0,"comment_status":"closed","ping_status":"closed","template":"","meta":{"footnotes":""},"class_list":["post-907","page","type-page","status-publish","hentry"],"yoast_head":"<!-- This site is optimized with the Yoast SEO plugin v24.7 - https:\/\/yoast.com\/wordpress\/plugins\/seo\/ -->\n<title>Tarinamme : MUSTAOVI - Vuoden 2016 ja 2017 sisustusblogi<\/title>\n<meta name=\"robots\" content=\"index, follow, max-snippet:-1, max-image-preview:large, max-video-preview:-1\" \/>\n<link rel=\"canonical\" href=\"https:\/\/www.marjawickman.com\/mustaovi\/taustaa\" \/>\n<meta property=\"og:locale\" content=\"fi_FI\" \/>\n<meta property=\"og:type\" content=\"article\" \/>\n<meta property=\"og:title\" content=\"Tarinamme : MUSTAOVI - Vuoden 2016 ja 2017 sisustusblogi\" \/>\n<meta property=\"og:description\" content=\"L\u00e4mpim\u00e4sti tervetuloa blogiini, jossa inspiroidutaan skandinaavisesta minimalismista ja kerrotaan vinkkej\u00e4, kuinka voi toteuttaa laadukkaan n\u00e4k\u00f6isi\u00e4 juttuja pienell\u00e4kin budjetilla. Blogissa pyrin aina tarjoamaan jotain uutta: ideoita, inspiraatiota ja intoa kokeilla ja toteuttaa. Suunnittelufilosofiani on, ett\u00e4 v\u00e4hempikin&hellip;\" \/>\n<meta property=\"og:url\" content=\"https:\/\/www.marjawickman.com\/mustaovi\/taustaa\" \/>\n<meta property=\"og:site_name\" content=\"MUSTAOVI - Vuoden 2016 ja 2017 sisustusblogi\" \/>\n<meta property=\"article:modified_time\" content=\"2021-11-11T07:34:32+00:00\" \/>\n<meta property=\"og:image\" content=\"https:\/\/www.marjawickman.com\/mustaovi\/wp-content\/uploads\/2020\/09\/DSC_064728229.jpg\" \/>\n<meta name=\"twitter:card\" content=\"summary_large_image\" \/>\n<meta name=\"twitter:label1\" content=\"Arvioitu lukuaika\" \/>\n\t<meta name=\"twitter:data1\" content=\"2 minuuttia\" \/>\n<script type=\"application\/ld+json\" class=\"yoast-schema-graph\">{\"@context\":\"https:\/\/schema.org\",\"@graph\":[{\"@type\":\"WebPage\",\"@id\":\"https:\/\/www.marjawickman.com\/mustaovi\/taustaa\",\"url\":\"https:\/\/www.marjawickman.com\/mustaovi\/taustaa\",\"name\":\"Tarinamme : MUSTAOVI - Vuoden 2016 ja 2017 sisustusblogi\",\"isPartOf\":{\"@id\":\"https:\/\/www.marjawickman.com\/mustaovi\/#website\"},\"primaryImageOfPage\":{\"@id\":\"https:\/\/www.marjawickman.com\/mustaovi\/taustaa#primaryimage\"},\"image\":{\"@id\":\"https:\/\/www.marjawickman.com\/mustaovi\/taustaa#primaryimage\"},\"thumbnailUrl\":\"https:\/\/www.marjawickman.com\/mustaovi\/wp-content\/uploads\/2020\/09\/DSC_064728229.jpg\",\"datePublished\":\"2017-12-16T10:13:00+00:00\",\"dateModified\":\"2021-11-11T07:34:32+00:00\",\"breadcrumb\":{\"@id\":\"https:\/\/www.marjawickman.com\/mustaovi\/taustaa#breadcrumb\"},\"inLanguage\":\"fi\",\"potentialAction\":[{\"@type\":\"ReadAction\",\"target\":[\"https:\/\/www.marjawickman.com\/mustaovi\/taustaa\"]}]},{\"@type\":\"ImageObject\",\"inLanguage\":\"fi\",\"@id\":\"https:\/\/www.marjawickman.com\/mustaovi\/taustaa#primaryimage\",\"url\":\"https:\/\/www.marjawickman.com\/mustaovi\/wp-content\/uploads\/2020\/09\/DSC_064728229.jpg\",\"contentUrl\":\"https:\/\/www.marjawickman.com\/mustaovi\/wp-content\/uploads\/2020\/09\/DSC_064728229.jpg\",\"width\":1068,\"height\":1600},{\"@type\":\"BreadcrumbList\",\"@id\":\"https:\/\/www.marjawickman.com\/mustaovi\/taustaa#breadcrumb\",\"itemListElement\":[{\"@type\":\"ListItem\",\"position\":1,\"name\":\"Home\",\"item\":\"https:\/\/www.marjawickman.com\/mustaovi\"},{\"@type\":\"ListItem\",\"position\":2,\"name\":\"Tarinamme\"}]},{\"@type\":\"WebSite\",\"@id\":\"https:\/\/www.marjawickman.com\/mustaovi\/#website\",\"url\":\"https:\/\/www.marjawickman.com\/mustaovi\/\",\"name\":\"MUSTAOVI - Vuoden 2016 ja 2017 sisustusblogi\",\"description\":\"\",\"publisher\":{\"@id\":\"https:\/\/www.marjawickman.com\/mustaovi\/#\/schema\/person\/a3331fad26c2e4cbdd821a412dd9565d\"},\"potentialAction\":[{\"@type\":\"SearchAction\",\"target\":{\"@type\":\"EntryPoint\",\"urlTemplate\":\"https:\/\/www.marjawickman.com\/mustaovi\/?s={search_term_string}\"},\"query-input\":{\"@type\":\"PropertyValueSpecification\",\"valueRequired\":true,\"valueName\":\"search_term_string\"}}],\"inLanguage\":\"fi\"},{\"@type\":[\"Person\",\"Organization\"],\"@id\":\"https:\/\/www.marjawickman.com\/mustaovi\/#\/schema\/person\/a3331fad26c2e4cbdd821a412dd9565d\",\"name\":\"marja\",\"image\":{\"@type\":\"ImageObject\",\"inLanguage\":\"fi\",\"@id\":\"https:\/\/www.marjawickman.com\/mustaovi\/#\/schema\/person\/image\/\",\"url\":\"https:\/\/secure.gravatar.com\/avatar\/5eb2e8be43d452c382f583136174e55d?s=96&d=mm&r=g\",\"contentUrl\":\"https:\/\/secure.gravatar.com\/avatar\/5eb2e8be43d452c382f583136174e55d?s=96&d=mm&r=g\",\"caption\":\"marja\"},\"logo\":{\"@id\":\"https:\/\/www.marjawickman.com\/mustaovi\/#\/schema\/person\/image\/\"},\"description\":\"My name is Maja and this is my blog Musta ovi. The blog is all about a house building, scandinavian design and a loft style. I'll share things and thoughts I like and get inspired.\"}]}<\/script>\n<!-- \/ Yoast SEO plugin. -->","yoast_head_json":{"title":"Tarinamme : MUSTAOVI - Vuoden 2016 ja 2017 sisustusblogi","robots":{"index":"index","follow":"follow","max-snippet":"max-snippet:-1","max-image-preview":"max-image-preview:large","max-video-preview":"max-video-preview:-1"},"canonical":"https:\/\/www.marjawickman.com\/mustaovi\/taustaa","og_locale":"fi_FI","og_type":"article","og_title":"Tarinamme : MUSTAOVI - Vuoden 2016 ja 2017 sisustusblogi","og_description":"L\u00e4mpim\u00e4sti tervetuloa blogiini, jossa inspiroidutaan skandinaavisesta minimalismista ja kerrotaan vinkkej\u00e4, kuinka voi toteuttaa laadukkaan n\u00e4k\u00f6isi\u00e4 juttuja pienell\u00e4kin budjetilla. Blogissa pyrin aina tarjoamaan jotain uutta: ideoita, inspiraatiota ja intoa kokeilla ja toteuttaa. Suunnittelufilosofiani on, ett\u00e4 v\u00e4hempikin&hellip;","og_url":"https:\/\/www.marjawickman.com\/mustaovi\/taustaa","og_site_name":"MUSTAOVI - Vuoden 2016 ja 2017 sisustusblogi","article_modified_time":"2021-11-11T07:34:32+00:00","og_image":[{"url":"https:\/\/www.marjawickman.com\/mustaovi\/wp-content\/uploads\/2020\/09\/DSC_064728229.jpg","type":"","width":"","height":""}],"twitter_card":"summary_large_image","twitter_misc":{"Arvioitu lukuaika":"2 minuuttia"},"schema":{"@context":"https:\/\/schema.org","@graph":[{"@type":"WebPage","@id":"https:\/\/www.marjawickman.com\/mustaovi\/taustaa","url":"https:\/\/www.marjawickman.com\/mustaovi\/taustaa","name":"Tarinamme : MUSTAOVI - Vuoden 2016 ja 2017 sisustusblogi","isPartOf":{"@id":"https:\/\/www.marjawickman.com\/mustaovi\/#website"},"primaryImageOfPage":{"@id":"https:\/\/www.marjawickman.com\/mustaovi\/taustaa#primaryimage"},"image":{"@id":"https:\/\/www.marjawickman.com\/mustaovi\/taustaa#primaryimage"},"thumbnailUrl":"https:\/\/www.marjawickman.com\/mustaovi\/wp-content\/uploads\/2020\/09\/DSC_064728229.jpg","datePublished":"2017-12-16T10:13:00+00:00","dateModified":"2021-11-11T07:34:32+00:00","breadcrumb":{"@id":"https:\/\/www.marjawickman.com\/mustaovi\/taustaa#breadcrumb"},"inLanguage":"fi","potentialAction":[{"@type":"ReadAction","target":["https:\/\/www.marjawickman.com\/mustaovi\/taustaa"]}]},{"@type":"ImageObject","inLanguage":"fi","@id":"https:\/\/www.marjawickman.com\/mustaovi\/taustaa#primaryimage","url":"https:\/\/www.marjawickman.com\/mustaovi\/wp-content\/uploads\/2020\/09\/DSC_064728229.jpg","contentUrl":"https:\/\/www.marjawickman.com\/mustaovi\/wp-content\/uploads\/2020\/09\/DSC_064728229.jpg","width":1068,"height":1600},{"@type":"BreadcrumbList","@id":"https:\/\/www.marjawickman.com\/mustaovi\/taustaa#breadcrumb","itemListElement":[{"@type":"ListItem","position":1,"name":"Home","item":"https:\/\/www.marjawickman.com\/mustaovi"},{"@type":"ListItem","position":2,"name":"Tarinamme"}]},{"@type":"WebSite","@id":"https:\/\/www.marjawickman.com\/mustaovi\/#website","url":"https:\/\/www.marjawickman.com\/mustaovi\/","name":"MUSTAOVI - Vuoden 2016 ja 2017 sisustusblogi","description":"","publisher":{"@id":"https:\/\/www.marjawickman.com\/mustaovi\/#\/schema\/person\/a3331fad26c2e4cbdd821a412dd9565d"},"potentialAction":[{"@type":"SearchAction","target":{"@type":"EntryPoint","urlTemplate":"https:\/\/www.marjawickman.com\/mustaovi\/?s={search_term_string}"},"query-input":{"@type":"PropertyValueSpecification","valueRequired":true,"valueName":"search_term_string"}}],"inLanguage":"fi"},{"@type":["Person","Organization"],"@id":"https:\/\/www.marjawickman.com\/mustaovi\/#\/schema\/person\/a3331fad26c2e4cbdd821a412dd9565d","name":"marja","image":{"@type":"ImageObject","inLanguage":"fi","@id":"https:\/\/www.marjawickman.com\/mustaovi\/#\/schema\/person\/image\/","url":"https:\/\/secure.gravatar.com\/avatar\/5eb2e8be43d452c382f583136174e55d?s=96&d=mm&r=g","contentUrl":"https:\/\/secure.gravatar.com\/avatar\/5eb2e8be43d452c382f583136174e55d?s=96&d=mm&r=g","caption":"marja"},"logo":{"@id":"https:\/\/www.marjawickman.com\/mustaovi\/#\/schema\/person\/image\/"},"description":"My name is Maja and this is my blog Musta ovi. The blog is all about a house building, scandinavian design and a loft style. I'll share things and thoughts I like and get inspired."}]}},"_links":{"self":[{"href":"https:\/\/www.marjawickman.com\/mustaovi\/wp-json\/wp\/v2\/pages\/907","targetHints":{"allow":["GET"]}}],"collection":[{"href":"https:\/\/www.marjawickman.com\/mustaovi\/wp-json\/wp\/v2\/pages"}],"about":[{"href":"https:\/\/www.marjawickman.com\/mustaovi\/wp-json\/wp\/v2\/types\/page"}],"author":[{"embeddable":true,"href":"https:\/\/www.marjawickman.com\/mustaovi\/wp-json\/wp\/v2\/users\/1"}],"replies":[{"embeddable":true,"href":"https:\/\/www.marjawickman.com\/mustaovi\/wp-json\/wp\/v2\/comments?post=907"}],"version-history":[{"count":11,"href":"https:\/\/www.marjawickman.com\/mustaovi\/wp-json\/wp\/v2\/pages\/907\/revisions"}],"predecessor-version":[{"id":5112,"href":"https:\/\/www.marjawickman.com\/mustaovi\/wp-json\/wp\/v2\/pages\/907\/revisions\/5112"}],"wp:attachment":[{"href":"https:\/\/www.marjawickman.com\/mustaovi\/wp-json\/wp\/v2\/media?parent=907"}],"curies":[{"name":"wp","href":"https:\/\/api.w.org\/{rel}","templated":true}]}}